{"id":131,"date":"2023-05-31T13:00:19","date_gmt":"2023-05-31T11:00:19","guid":{"rendered":"https:\/\/dev.thenonstopstudios.com\/?page_id=131"},"modified":"2024-03-08T15:08:05","modified_gmt":"2024-03-08T14:08:05","slug":"estudio-1-2","status":"publish","type":"page","link":"https:\/\/thenonstopstudios.com\/index.php\/estudio-1-2\/","title":{"rendered":"Estudio 1"},"content":{"rendered":"<p>[et_pb_section fb_built=\u00bb1&#8243; _builder_version=\u00bb4.21.0&#8243; _module_preset=\u00bbdefault\u00bb global_colors_info=\u00bb{}\u00bb][et_pb_row _builder_version=\u00bb4.21.0&#8243; _module_preset=\u00bbdefault\u00bb global_colors_info=\u00bb{}\u00bb][et_pb_column type=\u00bb4_4&#8243; _builder_version=\u00bb4.21.0&#8243; _module_preset=\u00bbdefault\u00bb global_colors_info=\u00bb{}\u00bb][et_pb_text _builder_version=\u00bb4.21.0&#8243; _module_preset=\u00bbdefault\u00bb header_font=\u00bb|700|||||||\u00bb header_text_align=\u00bbcenter\u00bb global_colors_info=\u00bb{}\u00bb]<\/p>\n<h1><span style=\"text-decoration: underline;\">Estudio 1<\/span><\/h1>\n<p>[\/et_pb_text][\/et_pb_column][\/et_pb_row][et_pb_row column_structure=\u00bb1_2,1_2&#8243; _builder_version=\u00bb4.21.0&#8243; _module_preset=\u00bbdefault\u00bb global_colors_info=\u00bb{}\u00bb][et_pb_column type=\u00bb1_2&#8243; _builder_version=\u00bb4.21.0&#8243; _module_preset=\u00bbdefault\u00bb global_colors_info=\u00bb{}\u00bb][et_pb_text _builder_version=\u00bb4.21.0&#8243; _module_preset=\u00bbdefault\u00bb header_2_font=\u00bb|700|||||||\u00bb header_2_text_align=\u00bbcenter\u00bb global_colors_info=\u00bb{}\u00bb]<\/p>\n<h2>Superficie<\/h2>\n<p>[\/et_pb_text][et_pb_text _builder_version=\u00bb4.23.1&#8243; _module_preset=\u00bbdefault\u00bb global_colors_info=\u00bb{}\u00bb]<\/p>\n<ul class=\"text-left\">\n<li>Plat\u00f3 de 1.200 m<\/li>\n<li>Oficinas: 206 m<\/li>\n<li>Camerinos: 206 m<\/li>\n<\/ul>\n<p>[\/et_pb_text][\/et_pb_column][et_pb_column type=\u00bb1_2&#8243; _builder_version=\u00bb4.21.0&#8243; _module_preset=\u00bbdefault\u00bb global_colors_info=\u00bb{}\u00bb][et_pb_text _builder_version=\u00bb4.21.0&#8243; _module_preset=\u00bbdefault\u00bb header_2_font=\u00bb|700|||||||\u00bb header_2_text_align=\u00bbcenter\u00bb global_colors_info=\u00bb{}\u00bb]<\/p>\n<h2>Estructura<\/h2>\n<p>[\/et_pb_text][et_pb_text _builder_version=\u00bb4.21.0&#8243; _module_preset=\u00bbdefault\u00bb global_colors_info=\u00bb{}\u00bb]<\/p>\n<ul class=\"text-left\">\n<li>6 camerinos (2 de ellos con ba\u00f1o y ducha en suite)<\/li>\n<li>Salas de maquillaje, peluquer\u00eda y vestuario.<\/li>\n<li>Sala de catering para 120 comensales<\/li>\n<li>Sala DIMMER<\/li>\n<li>Grupo electr\u00f3geno<\/li>\n<li>Espacio multiusos 200 m2<\/li>\n<li>Sistema de seguridad con c\u00e1maras conectadas con la polic\u00eda<\/li>\n<\/ul>\n<p>[\/et_pb_text][\/et_pb_column][\/et_pb_row][et_pb_row _builder_version=\u00bb4.21.0&#8243; _module_preset=\u00bbdefault\u00bb module_alignment=\u00bbcenter\u00bb global_colors_info=\u00bb{}\u00bb][et_pb_column type=\u00bb4_4&#8243; _builder_version=\u00bb4.21.0&#8243; _module_preset=\u00bbdefault\u00bb global_colors_info=\u00bb{}\u00bb][et_pb_gallery gallery_ids=\u00bb133,134,135,136,137,138,400,401,402&#8243; gallery_orderby=\u00bbrand\u00bb posts_number=\u00bb10&#8243; show_title_and_caption=\u00bboff\u00bb show_pagination=\u00bboff\u00bb module_class=\u00bbcol-width\u00bb _builder_version=\u00bb4.23.1&#8243; _module_preset=\u00bbdefault\u00bb hover_enabled=\u00bb0&#8243; custom_css_gallery_item=\u00bbwidth: 33.33% !important;||margin: 0 !important;||padding: 10px !important;||clear: none !important;\u00bb global_colors_info=\u00bb{}\u00bb sticky_enabled=\u00bb0&#8243;][\/et_pb_gallery][\/et_pb_column][\/et_pb_row][\/et_pb_section]<\/p>\n","protected":false},"excerpt":{"rendered":"<p>Estudio 1Superficie Plat\u00f3 de 1.200 m Oficinas: 206 m Camerinos: 206 m Estructura 6 camerinos (2 de ellos con ba\u00f1o y ducha en suite) Salas de maquillaje, peluquer\u00eda y vestuario. Sala de catering para 120 comensales Sala DIMMER Grupo electr\u00f3geno Espacio multiusos 200 m2 Sistema de seguridad con c\u00e1maras conectadas con la polic\u00eda<\/p>\n","protected":false},"author":1,"featured_media":0,"parent":0,"menu_order":0,"comment_status":"closed","ping_status":"closed","template":"","meta":{"_et_pb_use_builder":"on","_et_pb_old_content":"","_et_gb_content_width":"","footnotes":""},"_links":{"self":[{"href":"https:\/\/thenonstopstudios.com\/index.php\/wp-json\/wp\/v2\/pages\/131"}],"collection":[{"href":"https:\/\/thenonstopstudios.com\/index.php\/wp-json\/wp\/v2\/pages"}],"about":[{"href":"https:\/\/thenonstopstudios.com\/index.php\/wp-json\/wp\/v2\/types\/page"}],"author":[{"embeddable":true,"href":"https:\/\/thenonstopstudios.com\/index.php\/wp-json\/wp\/v2\/users\/1"}],"replies":[{"embeddable":true,"href":"https:\/\/thenonstopstudios.com\/index.php\/wp-json\/wp\/v2\/comments?post=131"}],"version-history":[{"count":10,"href":"https:\/\/thenonstopstudios.com\/index.php\/wp-json\/wp\/v2\/pages\/131\/revisions"}],"predecessor-version":[{"id":404,"href":"https:\/\/thenonstopstudios.com\/index.php\/wp-json\/wp\/v2\/pages\/131\/revisions\/404"}],"wp:attachment":[{"href":"https:\/\/thenonstopstudios.com\/index.php\/wp-json\/wp\/v2\/media?parent=131"}],"curies":[{"name":"wp","href":"https:\/\/api.w.org\/{rel}","templated":true}]}}